{"id":184,"date":"2018-07-21T13:33:55","date_gmt":"2018-07-21T11:33:55","guid":{"rendered":"https:\/\/andrijasevicauto.com\/pocetna\/?page_id=184"},"modified":"2025-01-20T16:30:32","modified_gmt":"2025-01-20T14:30:32","slug":"nasa-misija","status":"publish","type":"page","link":"https:\/\/andrijasevicauto.com\/pocetna\/nasa-misija\/","title":{"rendered":"Na\u0161a misija"},"content":{"rendered":"<div>\n<div class=\"border-borderMain\/50 ring-borderMain\/50 divide-borderMain\/50 dark:divide-borderMainDark\/50  dark:ring-borderMainDark\/50 dark:border-borderMainDark\/50 bg-transparent\">\n<div class=\"mb-md\">\n<div class=\"relative default font-sans text-base text-textMain dark:text-textMainDark selection:bg-super\/50 selection:text-textMain dark:selection:bg-superDuper\/10 dark:selection:text-superDark\">\n<div class=\"min-w-0 break-words [word-break:break-word]\">\n<div dir=\"auto\">\n<p class=\"prose dark:prose-invert inline leading-normal break-words min-w-0 [word-break:break-word]\"><strong>Andrija\u0161evi\u0107 DOO<\/strong>\u00a0osnovan je 2002. godine, ali na\u0161a pri\u010da o prodaji kori\u0161\u0107enih vozila po\u010dinje jo\u0161 krajem 1980-ih godina.<\/p>\n<p class=\"prose dark:prose-invert inline leading-normal break-words min-w-0 [word-break:break-word]\">Tokom decenija, razvili smo se u pouzdanu i prepoznatljivu firmu koja se ponosi svojim naslje\u0111em i posve\u0107eno\u0161\u0107u kvalitetu.<\/p>\n<p class=\"prose dark:prose-invert inline leading-normal break-words min-w-0 [word-break:break-word]\">Na\u0161a misija je jasna: pru\u017eiti na\u0161im klijentima kvalitetna kori\u0161\u0107ena vozila po najboljim cijenama, uz vrhunski nivo usluge koji nadma\u0161uje o\u010dekivanja.<\/p>\n<h2>Regularnost, ispravnost, originalna kilometra\u017ea<\/h2>\n<p class=\"prose dark:prose-invert inline leading-normal break-words min-w-0 [word-break:break-word]\">Regularnost i tehni\u010dka ispravnost vozila su na\u0161i imperativi prilikom nabavke. Svako vozilo koje nudimo prolazi rigorozne provere, osiguravaju\u0107i da na\u0161i klijenti dobiju samo najbolje.<\/p>\n<p class=\"prose dark:prose-invert inline leading-normal break-words min-w-0 [word-break:break-word]\">Sva vozila su provjerena kod lizing ili licitacijskih ku\u0107a, kao i od strane stru\u010dnih lica u na\u0161oj zemlji, \u0161to dodatno garantuje njihovu pouzdanost.<\/p>\n<p class=\"prose dark:prose-invert inline leading-normal break-words min-w-0 [word-break:break-word]\">Zadovoljstvo kupca je za nas najve\u0107a nagrada.<\/p>\n<h2>Ponuda kreirana prema Va\u0161im potrebama<\/h2>\n<p class=\"prose dark:prose-invert inline leading-normal break-words min-w-0 [word-break:break-word]\">Verujemo da je svaki klijent jedinstven, te se trudimo da razumemo njihove specifi\u010dne potrebe i pru\u017eimo im re\u0161enja koja \u0107e im olak\u0161ati svakodnevni \u017eivot ili poslovanje.<\/p>\n<p class=\"prose dark:prose-invert inline leading-normal break-words min-w-0 [word-break:break-word]\">Na\u0161a posve\u0107enost kvalitetu i usluzi ne prestaje nakon prodaje; nastavljamo da pru\u017eamo podr\u0161ku na\u0161im kupcima kako bismo osigurali njihovo potpuno zadovoljstvo.<\/p>\n<h2>Nemamo vozilo koje tra\u017eite?<\/h2>\n<p class=\"prose dark:prose-invert inline leading-normal break-words min-w-0 [word-break:break-word]\">Osim prodaje vozila, <strong>Andrija\u0161evi\u0107 d.o.o <\/strong>nudi i dovoz putni\u010dkih, teretnih i kombinovanih vozila po narud\u017ebi, kao i mogu\u0107nost rentiranja vozila na dan ili du\u017ei vremenski period.<\/p>\n<p class=\"prose dark:prose-invert inline leading-normal break-words min-w-0 [word-break:break-word]\">Na\u0161a misija je da budemo va\u0161 prvi izbor kada su u pitanju vozila, bilo da ih kupujete ili iznajmljujete.<\/p>\n<p class=\"prose dark:prose-invert inline leading-normal break-words min-w-0 [word-break:break-word]\">U budu\u0107nosti, nastavi\u0107emo da se razvijamo i prilago\u0111avamo potrebama tr\u017ei\u0161ta, sa ciljem da ostanemo lideri u industriji prodaje i rentiranja automobila.<\/p>\n<p class=\"prose dark:prose-invert inline leading-normal break-words min-w-0 [word-break:break-word]\">Na\u0161a strast prema automobilima i posve\u0107enost kvalitetu \u010dine nas partnerom kojem mo\u017eete verovati.<\/p>\n<\/div>\n<\/div>\n<\/div>\n<\/div>\n<div class=\"-ml-sm flex items-center gap-xs\">\n<div class=\"flex items-center min-w-0 justify-center gap-xs\"><\/div>\n<div>\n<div class=\"flex items-center min-w-0 justify-center gap-xs\">\n<div class=\"text-align-center relative truncate leading-loose\"><\/div>\n<\/div>\n<\/div>\n<\/div>\n<div class=\"flex items-center gap-x-xs\">\n<div class=\"flex items-center gap-xs border-borderMain\/50 ring-borderMain\/50 divide-borderMain\/50 dark:divide-borderMainDark\/50  dark:ring-borderMainDark\/50 dark:border-borderMainDark\/50 bg-transparent\">\n<div class=\"flex items-center min-w-0 justify-center gap-xs\"><\/div>\n<div class=\"flex items-center min-w-0 justify-center gap-xs\"><\/div>\n<\/div>\n<div class=\"flex items-center min-w-0 justify-center gap-xs\"><\/div>\n<div class=\"\">\n<div class=\"flex items-center min-w-0 justify-center gap-xs\"><\/div>\n<\/div>\n<\/div>\n<\/div>\n<\/div>\n<div class=\"\">\n<div class=\"mt-lg border-t pt-lg duration-1000 ease-out animate-in fade-in border-borderMain\/50 ring-borderMain\/50 divide-borderMain\/50 dark:divide-borderMainDark\/50  dark:ring-borderMainDark\/50 dark:border-borderMainDark\/50 bg-transparent\">\n<div class=\"border-borderMain\/50 ring-borderMain\/50 divide-borderMain\/50 dark:divide-borderMainDark\/50  dark:ring-borderMainDark\/50 dark:border-borderMainDark\/50 bg-transparent\">\n<div class=\"flex items-center justify-between border-borderMain\/50 ring-borderMain\/50 divide-borderMain\/50 dark:divide-borderMainDark\/50  dark:ring-borderMainDark\/50 dark:border-borderMainDark\/50 bg-background dark:bg-backgroundDark\">\n<div class=\"mb-sm flex w-full items-center justify-between\">\n<div class=\"\">\n<div class=\"flex items-center space-x-sm\">\n<div class=\"default font-display text-lg font-medium text-textMain dark:text-textMainDark selection:bg-super\/50 selection:text-textMain dark:selection:bg-superDuper\/10 dark:selection:text-superDark\">\n<p class=\"w-[24px]\">\n<\/div>\n<\/div>\n<\/div>\n<\/div>\n<\/div>\n<\/div>\n<\/div>\n<\/div>\n","protected":false},"excerpt":{"rendered":"<p>Andrija\u0161evi\u0107 DOO\u00a0osnovan je 2002. godine, ali na\u0161a pri\u010da o prodaji kori\u0161\u0107enih vozila po\u010dinje jo\u0161 krajem 1980-ih godina. Tokom decenija, razvili smo se u pouzdanu i prepoznatljivu firmu koja se ponosi svojim naslje\u0111em i posve\u0107eno\u0161\u0107u kvalitetu. Na\u0161a misija je jasna: pru\u017eiti na\u0161im klijentima kvalitetna kori\u0161\u0107ena vozila po najboljim cijenama, uz vrhunski nivo usluge koji nadma\u0161uje o\u010dekivanja&#8230;.<\/p>\n","protected":false},"author":1,"featured_media":0,"parent":0,"menu_order":0,"comment_status":"closed","ping_status":"closed","template":"","meta":{"footnotes":""},"class_list":["post-184","page","type-page","status-publish","hentry"],"yoast_head":"<!-- This site is optimized with the Yoast SEO plugin v24.8.1 - https:\/\/yoast.com\/wordpress\/plugins\/seo\/ -->\n<title>Na\u0161a misija - Andrijasevic Auto<\/title>\n<meta name=\"robots\" content=\"index, follow, max-snippet:-1, max-image-preview:large, max-video-preview:-1\" \/>\n<link rel=\"canonical\" href=\"https:\/\/andrijasevicauto.com\/pocetna\/nasa-misija\/\" \/>\n<meta property=\"og:locale\" content=\"bs_BA\" \/>\n<meta property=\"og:type\" content=\"article\" \/>\n<meta property=\"og:title\" content=\"Na\u0161a misija - Andrijasevic Auto\" \/>\n<meta property=\"og:description\" content=\"Andrija\u0161evi\u0107 DOO\u00a0osnovan je 2002. godine, ali na\u0161a pri\u010da o prodaji kori\u0161\u0107enih vozila po\u010dinje jo\u0161 krajem 1980-ih godina. Tokom decenija, razvili smo se u pouzdanu i prepoznatljivu firmu koja se ponosi svojim naslje\u0111em i posve\u0107eno\u0161\u0107u kvalitetu. Na\u0161a misija je jasna: pru\u017eiti na\u0161im klijentima kvalitetna kori\u0161\u0107ena vozila po najboljim cijenama, uz vrhunski nivo usluge koji nadma\u0161uje o\u010dekivanja....\" \/>\n<meta property=\"og:url\" content=\"https:\/\/andrijasevicauto.com\/pocetna\/nasa-misija\/\" \/>\n<meta property=\"og:site_name\" content=\"Andrijasevic Auto\" \/>\n<meta property=\"article:publisher\" content=\"https:\/\/www.facebook.com\/andrijasevicauto\" \/>\n<meta property=\"article:modified_time\" content=\"2025-01-20T14:30:32+00:00\" \/>\n<meta name=\"twitter:card\" content=\"summary_large_image\" \/>\n<meta name=\"twitter:label1\" content=\"Est. reading time\" \/>\n\t<meta name=\"twitter:data1\" content=\"2 minute\" \/>\n<script type=\"application\/ld+json\" class=\"yoast-schema-graph\">{\"@context\":\"https:\/\/schema.org\",\"@graph\":[{\"@type\":\"WebPage\",\"@id\":\"https:\/\/andrijasevicauto.com\/pocetna\/nasa-misija\/\",\"url\":\"https:\/\/andrijasevicauto.com\/pocetna\/nasa-misija\/\",\"name\":\"Na\u0161a misija - Andrijasevic Auto\",\"isPartOf\":{\"@id\":\"https:\/\/andrijasevicauto.com\/pocetna\/#website\"},\"datePublished\":\"2018-07-21T11:33:55+00:00\",\"dateModified\":\"2025-01-20T14:30:32+00:00\",\"breadcrumb\":{\"@id\":\"https:\/\/andrijasevicauto.com\/pocetna\/nasa-misija\/#breadcrumb\"},\"inLanguage\":\"bs-BA\",\"potentialAction\":[{\"@type\":\"ReadAction\",\"target\":[\"https:\/\/andrijasevicauto.com\/pocetna\/nasa-misija\/\"]}]},{\"@type\":\"BreadcrumbList\",\"@id\":\"https:\/\/andrijasevicauto.com\/pocetna\/nasa-misija\/#breadcrumb\",\"itemListElement\":[{\"@type\":\"ListItem\",\"position\":1,\"name\":\"Home\",\"item\":\"https:\/\/andrijasevicauto.com\/pocetna\/\"},{\"@type\":\"ListItem\",\"position\":2,\"name\":\"Na\u0161a misija\"}]},{\"@type\":\"WebSite\",\"@id\":\"https:\/\/andrijasevicauto.com\/pocetna\/#website\",\"url\":\"https:\/\/andrijasevicauto.com\/pocetna\/\",\"name\":\"Andrijasevic Auto - Prodaja vozila i rent-a-car Nik\u0161i\u0107\",\"description\":\"Prodaja kori\u0161\u0107enih vozila, rent-a-car Nik\u0161i\u0107 od 2002. godine\",\"potentialAction\":[{\"@type\":\"SearchAction\",\"target\":{\"@type\":\"EntryPoint\",\"urlTemplate\":\"https:\/\/andrijasevicauto.com\/pocetna\/?s={search_term_string}\"},\"query-input\":{\"@type\":\"PropertyValueSpecification\",\"valueRequired\":true,\"valueName\":\"search_term_string\"}}],\"inLanguage\":\"bs-BA\"}]}<\/script>\n<!-- \/ Yoast SEO plugin. -->","yoast_head_json":{"title":"Na\u0161a misija - Andrijasevic Auto","robots":{"index":"index","follow":"follow","max-snippet":"max-snippet:-1","max-image-preview":"max-image-preview:large","max-video-preview":"max-video-preview:-1"},"canonical":"https:\/\/andrijasevicauto.com\/pocetna\/nasa-misija\/","og_locale":"bs_BA","og_type":"article","og_title":"Na\u0161a misija - Andrijasevic Auto","og_description":"Andrija\u0161evi\u0107 DOO\u00a0osnovan je 2002. godine, ali na\u0161a pri\u010da o prodaji kori\u0161\u0107enih vozila po\u010dinje jo\u0161 krajem 1980-ih godina. Tokom decenija, razvili smo se u pouzdanu i prepoznatljivu firmu koja se ponosi svojim naslje\u0111em i posve\u0107eno\u0161\u0107u kvalitetu. Na\u0161a misija je jasna: pru\u017eiti na\u0161im klijentima kvalitetna kori\u0161\u0107ena vozila po najboljim cijenama, uz vrhunski nivo usluge koji nadma\u0161uje o\u010dekivanja....","og_url":"https:\/\/andrijasevicauto.com\/pocetna\/nasa-misija\/","og_site_name":"Andrijasevic Auto","article_publisher":"https:\/\/www.facebook.com\/andrijasevicauto","article_modified_time":"2025-01-20T14:30:32+00:00","twitter_card":"summary_large_image","twitter_misc":{"Est. reading time":"2 minute"},"schema":{"@context":"https:\/\/schema.org","@graph":[{"@type":"WebPage","@id":"https:\/\/andrijasevicauto.com\/pocetna\/nasa-misija\/","url":"https:\/\/andrijasevicauto.com\/pocetna\/nasa-misija\/","name":"Na\u0161a misija - Andrijasevic Auto","isPartOf":{"@id":"https:\/\/andrijasevicauto.com\/pocetna\/#website"},"datePublished":"2018-07-21T11:33:55+00:00","dateModified":"2025-01-20T14:30:32+00:00","breadcrumb":{"@id":"https:\/\/andrijasevicauto.com\/pocetna\/nasa-misija\/#breadcrumb"},"inLanguage":"bs-BA","potentialAction":[{"@type":"ReadAction","target":["https:\/\/andrijasevicauto.com\/pocetna\/nasa-misija\/"]}]},{"@type":"BreadcrumbList","@id":"https:\/\/andrijasevicauto.com\/pocetna\/nasa-misija\/#breadcrumb","itemListElement":[{"@type":"ListItem","position":1,"name":"Home","item":"https:\/\/andrijasevicauto.com\/pocetna\/"},{"@type":"ListItem","position":2,"name":"Na\u0161a misija"}]},{"@type":"WebSite","@id":"https:\/\/andrijasevicauto.com\/pocetna\/#website","url":"https:\/\/andrijasevicauto.com\/pocetna\/","name":"Andrijasevic Auto - Prodaja vozila i rent-a-car Nik\u0161i\u0107","description":"Prodaja kori\u0161\u0107enih vozila, rent-a-car Nik\u0161i\u0107 od 2002. godine","potentialAction":[{"@type":"SearchAction","target":{"@type":"EntryPoint","urlTemplate":"https:\/\/andrijasevicauto.com\/pocetna\/?s={search_term_string}"},"query-input":{"@type":"PropertyValueSpecification","valueRequired":true,"valueName":"search_term_string"}}],"inLanguage":"bs-BA"}]}},"_links":{"self":[{"href":"https:\/\/andrijasevicauto.com\/pocetna\/wp-json\/wp\/v2\/pages\/184","targetHints":{"allow":["GET"]}}],"collection":[{"href":"https:\/\/andrijasevicauto.com\/pocetna\/wp-json\/wp\/v2\/pages"}],"about":[{"href":"https:\/\/andrijasevicauto.com\/pocetna\/wp-json\/wp\/v2\/types\/page"}],"author":[{"embeddable":true,"href":"https:\/\/andrijasevicauto.com\/pocetna\/wp-json\/wp\/v2\/users\/1"}],"replies":[{"embeddable":true,"href":"https:\/\/andrijasevicauto.com\/pocetna\/wp-json\/wp\/v2\/comments?post=184"}],"version-history":[{"count":3,"href":"https:\/\/andrijasevicauto.com\/pocetna\/wp-json\/wp\/v2\/pages\/184\/revisions"}],"predecessor-version":[{"id":3371,"href":"https:\/\/andrijasevicauto.com\/pocetna\/wp-json\/wp\/v2\/pages\/184\/revisions\/3371"}],"wp:attachment":[{"href":"https:\/\/andrijasevicauto.com\/pocetna\/wp-json\/wp\/v2\/media?parent=184"}],"curies":[{"name":"wp","href":"https:\/\/api.w.org\/{rel}","templated":true}]}}